{"id":235,"date":"2023-08-18T18:03:40","date_gmt":"2023-08-18T21:03:40","guid":{"rendered":"https:\/\/edecasaplanejados.com.br\/?page_id=235"},"modified":"2025-01-31T14:34:14","modified_gmt":"2025-01-31T17:34:14","slug":"blog","status":"publish","type":"page","link":"https:\/\/edecasaplanejados.com.br\/?page_id=235","title":{"rendered":"Blog"},"content":{"rendered":"\t\t<div data-elementor-type=\"wp-page\" data-elementor-id=\"235\" class=\"elementor elementor-235\" data-elementor-post-type=\"page\">\n\t\t\t\t<div class=\"elementor-element elementor-element-6a96b2a5 e-con-full e-flex e-con e-parent\" data-id=\"6a96b2a5\" data-element_type=\"container\" data-e-type=\"container\" data-settings=\"{&quot;background_background&quot;:&quot;classic&quot;,&quot;shape_divider_bottom&quot;:&quot;clouds&quot;}\">\n\t\t\t\t<div class=\"elementor-shape elementor-shape-bottom\" aria-hidden=\"true\" data-negative=\"false\">\n\t\t\t<svg xmlns=\"http:\/\/www.w3.org\/2000\/svg\" viewBox=\"0 0 283.5 27.8\" preserveAspectRatio=\"xMidYMax slice\">\n  <path class=\"elementor-shape-fill\" d=\"M0 0v6.7c1.9-.8 4.7-1.4 8.5-1 9.5 1.1 11.1 6 11.1 6s2.1-.7 4.3-.2c2.1.5 2.8 2.6 2.8 2.6s.2-.5 1.4-.7c1.2-.2 1.7.2 1.7.2s0-2.1 1.9-2.8c1.9-.7 3.6.7 3.6.7s.7-2.9 3.1-4.1 4.7 0 4.7 0 1.2-.5 2.4 0 1.7 1.4 1.7 1.4h1.4c.7 0 1.2.7 1.2.7s.8-1.8 4-2.2c3.5-.4 5.3 2.4 6.2 4.4.4-.4 1-.7 1.8-.9 2.8-.7 4 .7 4 .7s1.7-5 11.1-6c9.5-1.1 12.3 3.9 12.3 3.9s1.2-4.8 5.7-5.7c4.5-.9 6.8 1.8 6.8 1.8s.6-.6 1.5-.9c.9-.2 1.9-.2 1.9-.2s5.2-6.4 12.6-3.3c7.3 3.1 4.7 9 4.7 9s1.9-.9 4 0 2.8 2.4 2.8 2.4 1.9-1.2 4.5-1.2 4.3 1.2 4.3 1.2.2-1 1.4-1.7 2.1-.7 2.1-.7-.5-3.1 2.1-5.5 5.7-1.4 5.7-1.4 1.5-2.3 4.2-1.1c2.7 1.2 1.7 5.2 1.7 5.2s.3-.1 1.3.5c.5.4.8.8.9 1.1.5-1.4 2.4-5.8 8.4-4 7.1 2.1 3.5 8.9 3.5 8.9s.8-.4 2 0 1.1 1.1 1.1 1.1 1.1-1.1 2.3-1.1 2.1.5 2.1.5 1.9-3.6 6.2-1.2 1.9 6.4 1.9 6.4 2.6-2.4 7.4 0c3.4 1.7 3.9 4.9 3.9 4.9s3.3-6.9 10.4-7.9 11.5 2.6 11.5 2.6.8 0 1.2.2c.4.2.9.9.9.9s4.4-3.1 8.3.2c1.9 1.7 1.5 5 1.5 5s.3-1.1 1.6-1.4c1.3-.3 2.3.2 2.3.2s-.1-1.2.5-1.9 1.9-.9 1.9-.9-4.7-9.3 4.4-13.4c5.6-2.5 9.2.9 9.2.9s5-6.2 15.9-6.2 16.1 8.1 16.1 8.1.7-.2 1.6-.4V0H0z\"\/>\n<\/svg>\n\t\t<\/div>\n\t\t\t\t<div class=\"elementor-element elementor-element-0cbd93d elementor-widget elementor-widget-heading\" data-id=\"0cbd93d\" data-element_type=\"widget\" data-e-type=\"widget\" data-widget_type=\"heading.default\">\n\t\t\t\t<div class=\"elementor-widget-container\">\n\t\t\t\t\t<h2 class=\"elementor-heading-title elementor-size-default\">Nosso Blog<\/h2>\t\t\t\t<\/div>\n\t\t\t\t<\/div>\n\t\t\t\t<\/div>\n\t\t<div class=\"elementor-element elementor-element-377c5959 e-flex e-con-boxed e-con e-parent\" data-id=\"377c5959\" data-element_type=\"container\" data-e-type=\"container\">\n\t\t\t\t\t<div class=\"e-con-inner\">\n\t\t<div class=\"elementor-element elementor-element-49c6433a e-con-full e-flex e-con e-child\" data-id=\"49c6433a\" data-element_type=\"container\" data-e-type=\"container\">\n\t\t\t\t<div class=\"elementor-element elementor-element-2efc242b elementor-grid-1 elementor-grid-tablet-2 elementor-grid-mobile-1 elementor-posts--thumbnail-top elementor-card-shadow-yes elementor-posts__hover-gradient elementor-widget elementor-widget-posts\" data-id=\"2efc242b\" data-element_type=\"widget\" data-e-type=\"widget\" data-settings=\"{&quot;cards_columns&quot;:&quot;1&quot;,&quot;pagination_type&quot;:&quot;numbers_and_prev_next&quot;,&quot;cards_columns_tablet&quot;:&quot;2&quot;,&quot;cards_columns_mobile&quot;:&quot;1&quot;,&quot;cards_row_gap&quot;:{&quot;unit&quot;:&quot;px&quot;,&quot;size&quot;:35,&quot;sizes&quot;:[]},&quot;cards_row_gap_tablet&quot;:{&quot;unit&quot;:&quot;px&quot;,&quot;size&quot;:&quot;&quot;,&quot;sizes&quot;:[]},&quot;cards_row_gap_mobile&quot;:{&quot;unit&quot;:&quot;px&quot;,&quot;size&quot;:&quot;&quot;,&quot;sizes&quot;:[]}}\" data-widget_type=\"posts.cards\">\n\t\t\t\t<div class=\"elementor-widget-container\">\n\t\t\t\t\t\t\t<div class=\"elementor-posts-container elementor-posts elementor-posts--skin-cards elementor-grid\" role=\"list\">\n\t\t\t\t<article class=\"elementor-post elementor-grid-item post-334 post type-post status-publish format-standard has-post-thumbnail hentry category-moveis-cozinha tag-cozinha tag-moveis-planejados\" role=\"listitem\">\n\t\t\t<div class=\"elementor-post__card\">\n\t\t\t\t<a class=\"elementor-post__thumbnail__link\" href=\"https:\/\/edecasaplanejados.com.br\/?p=334\" tabindex=\"-1\"><div class=\"elementor-post__thumbnail\"><img fetchpriority=\"high\" decoding=\"async\" width=\"768\" height=\"499\" src=\"https:\/\/edecasaplanejados.com.br\/wp-content\/uploads\/2024\/06\/Moveis-Planejados-para-Cozinha-Onde-Contratar-em-Sao-Paulo-768x499.jpg\" class=\"attachment-medium_large size-medium_large wp-image-335\" alt=\"M\u00f3veis Planejados para Cozinha Onde Contratar em S\u00e3o Paulo\" srcset=\"https:\/\/edecasaplanejados.com.br\/wp-content\/uploads\/2024\/06\/Moveis-Planejados-para-Cozinha-Onde-Contratar-em-Sao-Paulo-768x499.jpg 768w, https:\/\/edecasaplanejados.com.br\/wp-content\/uploads\/2024\/06\/Moveis-Planejados-para-Cozinha-Onde-Contratar-em-Sao-Paulo-300x195.jpg 300w, https:\/\/edecasaplanejados.com.br\/wp-content\/uploads\/2024\/06\/Moveis-Planejados-para-Cozinha-Onde-Contratar-em-Sao-Paulo-1024x665.jpg 1024w, https:\/\/edecasaplanejados.com.br\/wp-content\/uploads\/2024\/06\/Moveis-Planejados-para-Cozinha-Onde-Contratar-em-Sao-Paulo-600x390.jpg 600w, https:\/\/edecasaplanejados.com.br\/wp-content\/uploads\/2024\/06\/Moveis-Planejados-para-Cozinha-Onde-Contratar-em-Sao-Paulo.jpg 1107w\" sizes=\"(max-width: 768px) 100vw, 768px\" \/><\/div><\/a>\n\t\t\t\t<div class=\"elementor-post__badge\">M\u00f3veis Cozinha<\/div>\n\t\t\t\t<div class=\"elementor-post__text\">\n\t\t\t\t<h2 class=\"elementor-post__title\">\n\t\t\t<a href=\"https:\/\/edecasaplanejados.com.br\/?p=334\">\n\t\t\t\tM\u00f3veis Planejados para Cozinha: Onde Contratar em S\u00e3o Paulo?\t\t\t<\/a>\n\t\t<\/h2>\n\t\t\t\t<div class=\"elementor-post__excerpt\">\n\t\t\t<p>Benef\u00edcios dos M\u00f3veis Planejados para Cozinha Maximiza\u00e7\u00e3o do Espa\u00e7o Dispon\u00edvel: Uma das principais vantagens dos m\u00f3veis planejados para cozinha \u00e9 a capacidade de aproveitar ao m\u00e1ximo o espa\u00e7o dispon\u00edvel. Diferentemente dos m\u00f3veis prontos, que v\u00eam em tamanhos padr\u00e3o, os m\u00f3veis planejados s\u00e3o desenhados e constru\u00eddos de acordo com as dimens\u00f5es<\/p>\n\t\t<\/div>\n\t\t\n\t\t<a class=\"elementor-post__read-more\" href=\"https:\/\/edecasaplanejados.com.br\/?p=334\" aria-label=\"Read more about M\u00f3veis Planejados para Cozinha: Onde Contratar em S\u00e3o Paulo?\" tabindex=\"-1\">\n\t\t\tLeia mais \u00bb\t\t<\/a>\n\n\t\t\t\t<\/div>\n\t\t\t\t\t<\/div>\n\t\t<\/article>\n\t\t\t\t<article class=\"elementor-post elementor-grid-item post-274 post type-post status-publish format-standard has-post-thumbnail hentry category-moveis-cozinha tag-cozinha tag-cozinha-pequena tag-moveis-planejados tag-moveis-planejados-cozinha\" role=\"listitem\">\n\t\t\t<div class=\"elementor-post__card\">\n\t\t\t\t<a class=\"elementor-post__thumbnail__link\" href=\"https:\/\/edecasaplanejados.com.br\/?p=274\" tabindex=\"-1\"><div class=\"elementor-post__thumbnail\"><img decoding=\"async\" width=\"735\" height=\"526\" src=\"https:\/\/edecasaplanejados.com.br\/wp-content\/uploads\/2023\/08\/Moveis-Planejados-Cozinha-Pequena-Como-Encaixar-Tudo.jpg\" class=\"attachment-medium_large size-medium_large wp-image-275\" alt=\"M\u00f3veis Planejados Cozinha Pequena Como Encaixar Tudo\" srcset=\"https:\/\/edecasaplanejados.com.br\/wp-content\/uploads\/2023\/08\/Moveis-Planejados-Cozinha-Pequena-Como-Encaixar-Tudo.jpg 735w, https:\/\/edecasaplanejados.com.br\/wp-content\/uploads\/2023\/08\/Moveis-Planejados-Cozinha-Pequena-Como-Encaixar-Tudo-300x215.jpg 300w, https:\/\/edecasaplanejados.com.br\/wp-content\/uploads\/2023\/08\/Moveis-Planejados-Cozinha-Pequena-Como-Encaixar-Tudo-370x265.jpg 370w, https:\/\/edecasaplanejados.com.br\/wp-content\/uploads\/2023\/08\/Moveis-Planejados-Cozinha-Pequena-Como-Encaixar-Tudo-600x429.jpg 600w\" sizes=\"(max-width: 735px) 100vw, 735px\" \/><\/div><\/a>\n\t\t\t\t<div class=\"elementor-post__badge\">M\u00f3veis Cozinha<\/div>\n\t\t\t\t<div class=\"elementor-post__text\">\n\t\t\t\t<h2 class=\"elementor-post__title\">\n\t\t\t<a href=\"https:\/\/edecasaplanejados.com.br\/?p=274\">\n\t\t\t\tM\u00f3veis Planejados Cozinha Pequena: Como Encaixar Tudo\t\t\t<\/a>\n\t\t<\/h2>\n\t\t\t\t<div class=\"elementor-post__excerpt\">\n\t\t\t<p>Em uma realidade onde os espa\u00e7os muitas vezes s\u00e3o limitados, os M\u00f3veis Planejados Cozinha Pequena se destacam como a solu\u00e7\u00e3o definitiva para otimizar cada cent\u00edmetro dispon\u00edvel. Com os M\u00f3veis Planejados Cozinha Pequena, voc\u00ea transforma desafios em oportunidades, criando uma cozinha que \u00e9 t\u00e3o funcional quanto aconchegante. A magia dos M\u00f3veis<\/p>\n\t\t<\/div>\n\t\t\n\t\t<a class=\"elementor-post__read-more\" href=\"https:\/\/edecasaplanejados.com.br\/?p=274\" aria-label=\"Read more about M\u00f3veis Planejados Cozinha Pequena: Como Encaixar Tudo\" tabindex=\"-1\">\n\t\t\tLeia mais \u00bb\t\t<\/a>\n\n\t\t\t\t<\/div>\n\t\t\t\t\t<\/div>\n\t\t<\/article>\n\t\t\t\t<article class=\"elementor-post elementor-grid-item post-271 post type-post status-publish format-standard has-post-thumbnail hentry category-moveis-quarto tag-moveis-planejados tag-moveis-planejados-quarto tag-moveis-quarto\" role=\"listitem\">\n\t\t\t<div class=\"elementor-post__card\">\n\t\t\t\t<a class=\"elementor-post__thumbnail__link\" href=\"https:\/\/edecasaplanejados.com.br\/?p=271\" tabindex=\"-1\"><div class=\"elementor-post__thumbnail\"><img decoding=\"async\" width=\"736\" height=\"552\" src=\"https:\/\/edecasaplanejados.com.br\/wp-content\/uploads\/2023\/08\/Moveis-Planejados-Quarto-Mais-Conforto-para-a-Familia.jpg\" class=\"attachment-medium_large size-medium_large wp-image-272\" alt=\"M\u00f3veis Planejados Quarto Mais Conforto para a Fam\u00edlia\" srcset=\"https:\/\/edecasaplanejados.com.br\/wp-content\/uploads\/2023\/08\/Moveis-Planejados-Quarto-Mais-Conforto-para-a-Familia.jpg 736w, https:\/\/edecasaplanejados.com.br\/wp-content\/uploads\/2023\/08\/Moveis-Planejados-Quarto-Mais-Conforto-para-a-Familia-300x225.jpg 300w, https:\/\/edecasaplanejados.com.br\/wp-content\/uploads\/2023\/08\/Moveis-Planejados-Quarto-Mais-Conforto-para-a-Familia-600x450.jpg 600w\" sizes=\"(max-width: 736px) 100vw, 736px\" \/><\/div><\/a>\n\t\t\t\t<div class=\"elementor-post__badge\">M\u00f3veis Quarto<\/div>\n\t\t\t\t<div class=\"elementor-post__text\">\n\t\t\t\t<h2 class=\"elementor-post__title\">\n\t\t\t<a href=\"https:\/\/edecasaplanejados.com.br\/?p=271\">\n\t\t\t\tM\u00f3veis Planejados Quarto! Mais Conforto para a Fam\u00edlia\t\t\t<\/a>\n\t\t<\/h2>\n\t\t\t\t<div class=\"elementor-post__excerpt\">\n\t\t\t<p>Investir em M\u00f3veis Planejados Quarto \u00e9 a chave para criar um santu\u00e1rio de conforto e tranquilidade para toda a fam\u00edlia. Com os M\u00f3veis Planejados Quarto, voc\u00ea transforma esse espa\u00e7o em um ref\u00fagio personalizado que atende \u00e0s necessidades individuais de cada membro da fam\u00edlia. Os M\u00f3veis Planejados Quarto oferecem uma oportunidade<\/p>\n\t\t<\/div>\n\t\t\n\t\t<a class=\"elementor-post__read-more\" href=\"https:\/\/edecasaplanejados.com.br\/?p=271\" aria-label=\"Read more about M\u00f3veis Planejados Quarto! Mais Conforto para a Fam\u00edlia\" tabindex=\"-1\">\n\t\t\tLeia mais \u00bb\t\t<\/a>\n\n\t\t\t\t<\/div>\n\t\t\t\t\t<\/div>\n\t\t<\/article>\n\t\t\t\t<article class=\"elementor-post elementor-grid-item post-264 post type-post status-publish format-standard has-post-thumbnail hentry category-moveis-cozinha tag-cozinha tag-moveis-cozinha tag-moveis-planejados tag-moveis-planejados-cozinha\" role=\"listitem\">\n\t\t\t<div class=\"elementor-post__card\">\n\t\t\t\t<a class=\"elementor-post__thumbnail__link\" href=\"https:\/\/edecasaplanejados.com.br\/?p=264\" tabindex=\"-1\"><div class=\"elementor-post__thumbnail\"><img loading=\"lazy\" decoding=\"async\" width=\"736\" height=\"552\" src=\"https:\/\/edecasaplanejados.com.br\/wp-content\/uploads\/2023\/08\/Moveis-Planejados-Cozinha-Melhor-Eficiencia-e-Beleza-na-Sua-Cozinha.jpg\" class=\"attachment-medium_large size-medium_large wp-image-265\" alt=\"\" srcset=\"https:\/\/edecasaplanejados.com.br\/wp-content\/uploads\/2023\/08\/Moveis-Planejados-Cozinha-Melhor-Eficiencia-e-Beleza-na-Sua-Cozinha.jpg 736w, https:\/\/edecasaplanejados.com.br\/wp-content\/uploads\/2023\/08\/Moveis-Planejados-Cozinha-Melhor-Eficiencia-e-Beleza-na-Sua-Cozinha-300x225.jpg 300w, https:\/\/edecasaplanejados.com.br\/wp-content\/uploads\/2023\/08\/Moveis-Planejados-Cozinha-Melhor-Eficiencia-e-Beleza-na-Sua-Cozinha-600x450.jpg 600w\" sizes=\"(max-width: 736px) 100vw, 736px\" \/><\/div><\/a>\n\t\t\t\t<div class=\"elementor-post__badge\">M\u00f3veis Cozinha<\/div>\n\t\t\t\t<div class=\"elementor-post__text\">\n\t\t\t\t<h2 class=\"elementor-post__title\">\n\t\t\t<a href=\"https:\/\/edecasaplanejados.com.br\/?p=264\">\n\t\t\t\tM\u00f3veis Planejados Cozinha: Melhor Efici\u00eancia e Beleza na Sua Cozinha\t\t\t<\/a>\n\t\t<\/h2>\n\t\t\t\t<div class=\"elementor-post__excerpt\">\n\t\t\t<p>Quando se trata de transformar sua cozinha em um espa\u00e7o funcional e atraente, os M\u00f3veis Planejados Cozinha se destacam como a escolha ideal. Esses m\u00f3veis sob medida n\u00e3o s\u00f3 maximizam o aproveitamento do espa\u00e7o, como tamb\u00e9m oferecem um toque de eleg\u00e2ncia personalizada. Ao optar por M\u00f3veis Planejados Cozinha, voc\u00ea investe<\/p>\n\t\t<\/div>\n\t\t\n\t\t<a class=\"elementor-post__read-more\" href=\"https:\/\/edecasaplanejados.com.br\/?p=264\" aria-label=\"Read more about M\u00f3veis Planejados Cozinha: Melhor Efici\u00eancia e Beleza na Sua Cozinha\" tabindex=\"-1\">\n\t\t\tLeia mais \u00bb\t\t<\/a>\n\n\t\t\t\t<\/div>\n\t\t\t\t\t<\/div>\n\t\t<\/article>\n\t\t\t\t<\/div>\n\t\t\n\t\t\t\t\t\t<\/div>\n\t\t\t\t<\/div>\n\t\t\t\t<\/div>\n\t\t<div class=\"elementor-element elementor-element-6d8994a6 e-con-full e-flex e-con e-child\" data-id=\"6d8994a6\" data-element_type=\"container\" data-e-type=\"container\">\n\t\t\t\t<div class=\"elementor-element elementor-element-22fa23f4 elementor-widget elementor-widget-image\" data-id=\"22fa23f4\" data-element_type=\"widget\" data-e-type=\"widget\" data-widget_type=\"image.default\">\n\t\t\t\t<div class=\"elementor-widget-container\">\n\t\t\t\t\t\t\t\t\t\t\t\t\t\t\t<img loading=\"lazy\" decoding=\"async\" width=\"300\" height=\"142\" src=\"https:\/\/edecasaplanejados.com.br\/wp-content\/uploads\/2023\/03\/LOGO-E-DI-CASA-300x142.png\" class=\"attachment-medium size-medium wp-image-121\" alt=\"LOGO \u00c9 DE CASA\" srcset=\"https:\/\/edecasaplanejados.com.br\/wp-content\/uploads\/2023\/03\/LOGO-E-DI-CASA-300x142.png 300w, https:\/\/edecasaplanejados.com.br\/wp-content\/uploads\/2023\/03\/LOGO-E-DI-CASA-768x362.png 768w, https:\/\/edecasaplanejados.com.br\/wp-content\/uploads\/2023\/03\/LOGO-E-DI-CASA-600x283.png 600w, https:\/\/edecasaplanejados.com.br\/wp-content\/uploads\/2023\/03\/LOGO-E-DI-CASA.png 1000w\" sizes=\"(max-width: 300px) 100vw, 300px\" \/>\t\t\t\t\t\t\t\t\t\t\t\t\t\t\t<\/div>\n\t\t\t\t<\/div>\n\t\t\t\t<div class=\"elementor-element elementor-element-51fe9a37 hfe-search-layout-icon_text elementor-widget elementor-widget-hfe-search-button\" data-id=\"51fe9a37\" data-element_type=\"widget\" data-e-type=\"widget\" data-settings=\"{&quot;size&quot;:{&quot;unit&quot;:&quot;px&quot;,&quot;size&quot;:33,&quot;sizes&quot;:[]},&quot;size_tablet&quot;:{&quot;unit&quot;:&quot;px&quot;,&quot;size&quot;:&quot;&quot;,&quot;sizes&quot;:[]},&quot;size_mobile&quot;:{&quot;unit&quot;:&quot;px&quot;,&quot;size&quot;:&quot;&quot;,&quot;sizes&quot;:[]},&quot;icon_size&quot;:{&quot;unit&quot;:&quot;px&quot;,&quot;size&quot;:&quot;16&quot;,&quot;sizes&quot;:[]},&quot;icon_size_tablet&quot;:{&quot;unit&quot;:&quot;px&quot;,&quot;size&quot;:&quot;&quot;,&quot;sizes&quot;:[]},&quot;icon_size_mobile&quot;:{&quot;unit&quot;:&quot;px&quot;,&quot;size&quot;:&quot;&quot;,&quot;sizes&quot;:[]},&quot;button_width&quot;:{&quot;unit&quot;:&quot;px&quot;,&quot;size&quot;:&quot;&quot;,&quot;sizes&quot;:[]},&quot;button_width_tablet&quot;:{&quot;unit&quot;:&quot;px&quot;,&quot;size&quot;:&quot;&quot;,&quot;sizes&quot;:[]},&quot;button_width_mobile&quot;:{&quot;unit&quot;:&quot;px&quot;,&quot;size&quot;:&quot;&quot;,&quot;sizes&quot;:[]},&quot;close_icon_size&quot;:{&quot;unit&quot;:&quot;px&quot;,&quot;size&quot;:&quot;20&quot;,&quot;sizes&quot;:[]},&quot;close_icon_size_tablet&quot;:{&quot;unit&quot;:&quot;px&quot;,&quot;size&quot;:&quot;&quot;,&quot;sizes&quot;:[]},&quot;close_icon_size_mobile&quot;:{&quot;unit&quot;:&quot;px&quot;,&quot;size&quot;:&quot;&quot;,&quot;sizes&quot;:[]}}\" data-widget_type=\"hfe-search-button.default\">\n\t\t\t\t<div class=\"elementor-widget-container\">\n\t\t\t\t\t\t\t<form class=\"hfe-search-button-wrapper\" role=\"search\" action=\"https:\/\/edecasaplanejados.com.br\/\" method=\"get\">\n\n\t\t\t\t\t\t<div class=\"hfe-search-form__container\" role=\"tablist\">\n\t\t\t\t\t\t\t\t\t<input placeholder=\"Pesquisar\" class=\"hfe-search-form__input\" type=\"search\" name=\"s\" title=\"Search\" value=\"\">\n\t\t\t\t\t<button id=\"clear-with-button\" type=\"reset\">\n\t\t\t\t\t\t<i class=\"fas fa-times\" aria-hidden=\"true\"><\/i>\n\t\t\t\t\t<\/button>\n\t\t\t\t\t<button class=\"hfe-search-submit\" type=\"submit\">\n\t\t\t\t\t\t<i class=\"fas fa-search\" aria-hidden=\"true\"><\/i>\n\t\t\t\t\t<\/button>\n\t\t\t\t\t\t\t<\/div>\n\t\t\t\t<\/form>\n\t\t\t\t\t\t<\/div>\n\t\t\t\t<\/div>\n\t\t\t\t<div class=\"elementor-element elementor-element-26a4fe15 elementor-widget elementor-widget-image\" data-id=\"26a4fe15\" data-element_type=\"widget\" data-e-type=\"widget\" data-widget_type=\"image.default\">\n\t\t\t\t<div class=\"elementor-widget-container\">\n\t\t\t\t\t\t\t\t\t\t\t\t\t\t\t<img loading=\"lazy\" decoding=\"async\" width=\"1024\" height=\"1024\" src=\"https:\/\/edecasaplanejados.com.br\/wp-content\/uploads\/2023\/08\/e-de-casa-papel-cozinha.png\" class=\"attachment-large size-large wp-image-175\" alt=\"e de casa papel cozinha\" srcset=\"https:\/\/edecasaplanejados.com.br\/wp-content\/uploads\/2023\/08\/e-de-casa-papel-cozinha.png 1024w, https:\/\/edecasaplanejados.com.br\/wp-content\/uploads\/2023\/08\/e-de-casa-papel-cozinha-300x300.png 300w, https:\/\/edecasaplanejados.com.br\/wp-content\/uploads\/2023\/08\/e-de-casa-papel-cozinha-150x150.png 150w, https:\/\/edecasaplanejados.com.br\/wp-content\/uploads\/2023\/08\/e-de-casa-papel-cozinha-768x768.png 768w, https:\/\/edecasaplanejados.com.br\/wp-content\/uploads\/2023\/08\/e-de-casa-papel-cozinha-230x230.png 230w, https:\/\/edecasaplanejados.com.br\/wp-content\/uploads\/2023\/08\/e-de-casa-papel-cozinha-400x400.png 400w, https:\/\/edecasaplanejados.com.br\/wp-content\/uploads\/2023\/08\/e-de-casa-papel-cozinha-600x600.png 600w, https:\/\/edecasaplanejados.com.br\/wp-content\/uploads\/2023\/08\/e-de-casa-papel-cozinha-640x640.png 640w\" sizes=\"(max-width: 1024px) 100vw, 1024px\" \/>\t\t\t\t\t\t\t\t\t\t\t\t\t\t\t<\/div>\n\t\t\t\t<\/div>\n\t\t\t\t<div class=\"elementor-element elementor-element-768f87ce elementor-widget elementor-widget-wp-widget-categories\" data-id=\"768f87ce\" data-element_type=\"widget\" data-e-type=\"widget\" data-widget_type=\"wp-widget-categories.default\">\n\t\t\t\t<div class=\"elementor-widget-container\">\n\t\t\t\t\t<h5>Categorias<\/h5>\n\t\t\t<ul>\n\t\t\t\t\t<li class=\"cat-item cat-item-13\"><a href=\"https:\/edecasaplanejados.com.br\/?cat=13\">M\u00f3veis Cozinha<\/a>\n<\/li>\n\t<li class=\"cat-item cat-item-18\"><a href=\"https:\/edecasaplanejados.com.br\/?cat=18\">M\u00f3veis Quarto<\/a>\n<\/li>\n\t\t\t<\/ul>\n\n\t\t\t\t\t\t\t<\/div>\n\t\t\t\t<\/div>\n\t\t\t\t<div class=\"elementor-element elementor-element-3e34ba9d elementor-widget elementor-widget-wp-widget-tag_cloud\" data-id=\"3e34ba9d\" data-element_type=\"widget\" data-e-type=\"widget\" data-widget_type=\"wp-widget-tag_cloud.default\">\n\t\t\t\t<div class=\"elementor-widget-container\">\n\t\t\t\t\t<h5>Tags<\/h5><div class=\"tagcloud\"><a href=\"https:\/\/edecasaplanejados.com.br\/?tag=cozinha\" class=\"tag-cloud-link tag-link-14 tag-link-position-1\" style=\"font-size: 18.5pt;\" aria-label=\"Cozinha (3 itens)\">Cozinha<\/a>\n<a href=\"https:\/\/edecasaplanejados.com.br\/?tag=cozinha-pequena\" class=\"tag-cloud-link tag-link-21 tag-link-position-2\" style=\"font-size: 8pt;\" aria-label=\"cozinha pequena (1 item)\">cozinha pequena<\/a>\n<a href=\"https:\/\/edecasaplanejados.com.br\/?tag=moveis-cozinha\" class=\"tag-cloud-link tag-link-16 tag-link-position-3\" style=\"font-size: 8pt;\" aria-label=\"m\u00f3veis cozinha (1 item)\">m\u00f3veis cozinha<\/a>\n<a href=\"https:\/\/edecasaplanejados.com.br\/?tag=moveis-planejados\" class=\"tag-cloud-link tag-link-15 tag-link-position-4\" style=\"font-size: 22pt;\" aria-label=\"m\u00f3veis planejados (4 itens)\">m\u00f3veis planejados<\/a>\n<a href=\"https:\/\/edecasaplanejados.com.br\/?tag=moveis-planejados-cozinha\" class=\"tag-cloud-link tag-link-17 tag-link-position-5\" style=\"font-size: 14.3pt;\" aria-label=\"m\u00f3veis planejados cozinha (2 itens)\">m\u00f3veis planejados cozinha<\/a>\n<a href=\"https:\/\/edecasaplanejados.com.br\/?tag=moveis-planejados-quarto\" class=\"tag-cloud-link tag-link-20 tag-link-position-6\" style=\"font-size: 8pt;\" aria-label=\"m\u00f3veis planejados quarto (1 item)\">m\u00f3veis planejados quarto<\/a>\n<a href=\"https:\/\/edecasaplanejados.com.br\/?tag=moveis-quarto\" class=\"tag-cloud-link tag-link-19 tag-link-position-7\" style=\"font-size: 8pt;\" aria-label=\"m\u00f3veis quarto (1 item)\">m\u00f3veis quarto<\/a><\/div>\n\t\t\t\t<\/div>\n\t\t\t\t<\/div>\n\t\t\t\t<\/div>\n\t\t\t\t\t<\/div>\n\t\t\t\t<\/div>\n\t\t\t\t<\/div>\n\t\t","protected":false},"excerpt":{"rendered":"<p>Nosso Blog<\/p>\n","protected":false},"author":1,"featured_media":0,"parent":0,"menu_order":0,"comment_status":"closed","ping_status":"closed","template":"elementor_header_footer","meta":{"_joinchat":[],"footnotes":""},"class_list":["post-235","page","type-page","status-publish","hentry"],"_links":{"self":[{"href":"https:\/\/edecasaplanejados.com.br\/index.php?rest_route=\/wp\/v2\/pages\/235","targetHints":{"allow":["GET"]}}],"collection":[{"href":"https:\/\/edecasaplanejados.com.br\/index.php?rest_route=\/wp\/v2\/pages"}],"about":[{"href":"https:\/\/edecasaplanejados.com.br\/index.php?rest_route=\/wp\/v2\/types\/page"}],"author":[{"embeddable":true,"href":"https:\/\/edecasaplanejados.com.br\/index.php?rest_route=\/wp\/v2\/users\/1"}],"replies":[{"embeddable":true,"href":"https:\/\/edecasaplanejados.com.br\/index.php?rest_route=%2Fwp%2Fv2%2Fcomments&post=235"}],"version-history":[{"count":34,"href":"https:\/\/edecasaplanejados.com.br\/index.php?rest_route=\/wp\/v2\/pages\/235\/revisions"}],"predecessor-version":[{"id":377,"href":"https:\/\/edecasaplanejados.com.br\/index.php?rest_route=\/wp\/v2\/pages\/235\/revisions\/377"}],"wp:attachment":[{"href":"https:\/\/edecasaplanejados.com.br\/index.php?rest_route=%2Fwp%2Fv2%2Fmedia&parent=235"}],"curies":[{"name":"wp","href":"https:\/\/api.w.org\/{rel}","templated":true}]}}